{"id":40,"date":"2024-11-07T15:43:56","date_gmt":"2024-11-07T14:43:56","guid":{"rendered":"https:\/\/sophiethery.eu\/?page_id=40"},"modified":"2026-02-07T22:43:12","modified_gmt":"2026-02-07T21:43:12","slug":"publication-communication","status":"publish","type":"page","link":"https:\/\/sophiethery.eu\/index.php\/publication-communication\/","title":{"rendered":"Publications and communications"},"content":{"rendered":"\r\n<h3 class=\"wp-block-heading\">Peer-reviewed publications and preprints<\/h3>\r\n\r\n\r\n\r\n<ul class=\"wp-block-list\">\r\n<li><strong>Transformation-based cloaking for flexural-gravity waves in an anisotropic plate floating on shallow water<\/strong><br \/>S.Thery, M. Peter, L. Bennetts, S. Guenneau (2024), Wave Motion (2025) &#8211;<em>\u00a0<\/em><em><a href=\"https:\/\/hal.science\/hal-04943483v2\">preprint<\/a> &#8211;<span style=\"color: #339966;\">\u00a0<\/span><\/em><span style=\"color: #008080;\"><a style=\"color: #008080;\" href=\"https:\/\/www.sciencedirect.com\/science\/article\/pii\/S0165212525001532?via%3Dihub\">doi.org\/10.1016\/j.wavemoti.2025.103642<\/a><em>\u00a0<\/em><\/span><br \/>Anisotropic Kirchhoff-Love plate, Cloaking, Flexural-gravity waves, Shallow water<\/li>\r\n\r\n\r\n\r\n<li><strong>Well-posedness of a non local ocean-atmosphere coupling model: study of a 1D Ekman boundary layer problem with nonlocal KPP-type turbulent viscosity profile<\/strong> <br \/>S.Thery, Annales Math\u00e9matiques Blaise Pascal (2025)<em>&#8211; <span style=\"color: #19709c;\"><a style=\"color: #19709c;\" href=\"https:\/\/hal.science\/hal-04327972v5\/document\">preprint<\/a> &#8211; <span style=\"color: #008080;\"><a style=\"color: #008080;\" href=\"https:\/\/doi.org\/10.5802\/ambp.435\">doi : 10.5802\/ambp.435<\/a><\/span><\/span><\/em><br \/>Ocean-atmosphere coupling model, Ekman boundary layer problem, Non-local partial differential equation, Turbulent viscosity profile.<\/li>\r\n\r\n\r\n\r\n<li><strong>On the links between observed and theoretical convergence rates for Schwarz waveform relaxation algorithm for the time-dependent problems.<\/strong><br \/>S.Thery, Domain Decomposition Methods in Science and Engineering XXVI (2022) <br \/>Conference proceeding book &#8211;<em><span style=\"color: #2892c7;\"> <a style=\"color: #2892c7;\" href=\"https:\/\/hal.science\/hal-03654199v1\/document\"><span style=\"color: #19709c;\">preprint<\/span><\/a> <\/span>&#8211; <span style=\"color: #19709c;\"><a style=\"color: #19709c;\" href=\"https:\/\/doi.org\/10.1007\/978-3-030-95025-5_62\">doi : 10.1007\/978-3-030-95025-5_62<\/a><\/span><\/em><br \/>Schwarz waveform relaxation time convergence analysis, Domain decomposition method.<\/li>\r\n\r\n\r\n\r\n<li><strong>Analysis of Schwarz waveform relaxation for the coupled Ekman boundary layer problem with continuously variable coefficients.<\/strong><br \/>S. Thery, C. Pelletier, F. Lemari\u00e9 and E. Blayo, Numerical Algorithm (2022) <em>&#8211; <span style=\"color: #19709c;\"><a style=\"color: #19709c;\" href=\"https:\/\/inria.hal.science\/hal-02544113v2\/document\">preprint<\/a><\/span> &#8211; <span style=\"color: #19709c;\"><a style=\"color: #19709c;\" href=\"https:\/\/doi.org\/10.1007\/s11075-021-01149-y\">doi : 10.1007\/s11075-021-01149-y<\/a><\/span><\/em><br \/>Schwarz waveform relaxation, variable coefficients, multiphysics coupling, coupled Ekman problem, numerical climate modeling.<\/li>\r\n<\/ul>\r\n\r\n\r\n\r\n<h3 class=\"wp-block-heading\">PhD Thesis (in French)<\/h3>\r\n\r\n\r\n\r\n<ul class=\"wp-block-list\">\r\n<li><strong>Etude num\u00e9rique des algorithmes de couplage oc\u00e9an-atmosph\u00e8re avec prise en compte des param\u00e9trisations physiques des couches limites<\/strong><br \/>S. Thery (2021) Supervised by E. Blayo (Universit\u00e9 Grenoble Alpes) and F. Lemari\u00e9 (INRIA-UGA) &#8211;<em>\u00a0<a href=\"https:\/\/theses.hal.science\/tel-03258179\/file\/THERY_2021_archivage.pdf\"><span style=\"color: #19709c;\">pdf<\/span> <\/a><\/em>&#8211;<br \/>Ocean-atmosphere coupling, Air-sea interaction modelling, Turbulent parametrization, Domains decomposition methods, Schwarz&#8217;s algorithm<\/li>\r\n<\/ul>\r\n\r\n\r\n\r\n<h3 class=\"wp-block-heading\">Communication for conference and workshop<\/h3>\r\n\r\n\r\n\r\n<ul class=\"wp-block-list\" style=\"list-style-type: circle;\">\r\n<li><strong>Effective surface condition for water waves propagating through a<\/strong><br \/><strong>thin floating porous layer<br \/><a href=\"https:\/\/wcm2025.sciencesconf.org\/\">Waves in Complex Media<\/a>&#8211;<\/strong> Workshop<br \/>March 2025, Paris, France<strong><br \/><\/strong><\/li>\r\n<li><strong>Cloaking by thin plate in water waves<\/strong> &#8211; <span style=\"color: #19709c;\"><a style=\"color: #19709c;\" href=\"https:\/\/hal.science\/hal-04769641\">slides<\/a><\/span>\u00a0&#8211;<br \/><a href=\"https:\/\/waves2024.mps.mpg.de\/\"><span style=\"color: #19709c;\">WAVES 2024<\/span> <\/a>&#8211; International Conference on Mathematical and Numerical Aspects of Wave Propagation<br \/>4th July 2024, Berlin , Germany<br \/><span style=\"color: #19709c;\"><a style=\"color: #19709c;\" href=\"https:\/\/www.otago.ac.nz\/news\/events\/kozwaves-2024-the-6th-australasian-conference-on-wave-science2\">KOZWaves 2024<\/a><\/span> &#8211; Australasian conference on wave science<br \/>1st Ferbuary 2024 &#8211; Dunedin &#8211; New Zeland<\/li>\r\n\r\n\r\n\r\n<li><strong>Well-posedness of a non local ocean-atmosphere coupling model<\/strong><span style=\"color: #19709c;\"><br \/><\/span><a href=\"https:\/\/canum2024.math.cnrs.fr\/fr\/\"><span style=\"color: #19709c;\">JEDPARA 2025<\/span><\/a> &#8211; Journ\u00e9e EDP Auvergne Rhone Alpes<br \/>Novembre 2025, Lyon France<span style=\"color: #19709c;\"><br \/><\/span><a href=\"http:\/\/DOI: 10.4171\/OWR\/2025\/24\"><span style=\"color: #19709c;\">MFO 2025<\/span><\/a> &#8211; <a href=\"https:\/\/publications.mfo.de\/handle\/mfo\/4337?locale-attribute=de\">Mathematical Advance in Geophysical Fluid Dynamics<\/a><br \/>May 2025, Oberwolfach, Allemagne<br \/><a href=\"https:\/\/canum2024.math.cnrs.fr\/fr\/\"><span style=\"color: #19709c;\">CANUM 2024<\/span><\/a> &#8211; Congr\u00e8s National d&#8217;Analyse Num\u00e9rique <br \/>28th May 2024, Ile de R\u00e9, France<\/li>\r\n\r\n\r\n\r\n<li><strong>Ice floe fracture in a granular model<\/strong> &#8211;<span style=\"color: #19709c;\"><a style=\"color: #19709c;\" href=\"https:\/\/hal.science\/hal-03750886\">poster<\/a><\/span>&#8211;<br \/><span style=\"color: #19709c;\"><a style=\"color: #19709c;\" href=\"https:\/\/www.newton.ac.uk\/event\/sipw05\/\">Mathematics of sea ice in the twenty-first century<\/a><\/span> &#8211; Workshop Isaac Newton Institute<br \/>Septembre 2022, Cambridge, England<br \/><span style=\"color: #19709c;\"><a style=\"color: #19709c;\" href=\"https:\/\/canum2024.math.cnrs.fr\/fr\/\">CANUM 2020<\/a><\/span> &#8211; Congr\u00e8s National d&#8217;Analyse Num\u00e9rique <br \/>June 2022, Evian-les-Bains, France<\/li>\r\n\r\n\r\n\r\n<li><strong>Schwarz algorithms for ocean-atmosphere coupled problems including turbulent boundary layer parameterizations<\/strong> &#8211; <span style=\"color: #19709c;\"><a style=\"color: #19709c;\" href=\"https:\/\/hal.science\/hal-03173266\">slides<\/a><\/span>&#8211; <br \/><span style=\"color: #19709c;\"><a style=\"color: #19709c;\" href=\"https:\/\/www.math.cuhk.edu.hk\/conference\/dd26\/?Conference-Home\">DD26<\/a><\/span> &#8211; \u00a0International Domain Decomposition Conference<em>, online event<\/em> <br \/>9th December 2020, Hong Kong, China<br \/><span style=\"color: #19709c;\"><a style=\"color: #19709c;\" href=\"http:\/\/smai.emath.fr\/canum2018\/\">CANUM 2018<\/a><\/span> &#8211; Congr\u00e8s National d&#8217;Analyse Num\u00e9rique <br \/>June 2018, Cap d&#8217;Agde, France<\/li>\r\n<\/ul>\r\n\r\n\r\n\r\n<h3 class=\"wp-block-heading\">Code<\/h3>\r\n\r\n\r\n\r\n<ul class=\"wp-block-list\">\r\n<li>Documentation of FloeDyn &#8211; <span style=\"color: #19709c;\"><a style=\"color: #19709c;\" href=\"https:\/\/floedyn-documentation.readthedocs.io\/en\/latest\/Install_FloeDyn.html#id1\">readthedoc<\/a><\/span>\u00a0&#8211;<br \/>A Granular model of Ice Floe Dynamic, financied by <span style=\"color: #19709c;\"><a style=\"color: #19709c;\" href=\"https:\/\/sasip-climate.github.io\/\">SASIP project<\/a><\/span><br \/>November 2022<\/li>\r\n<\/ul>\r\n\r\n\r\n\r\n<p>&nbsp;<\/p>\r\n","protected":false},"excerpt":{"rendered":"<p>Peer-reviewed publications and preprints PhD Thesis (in French) Communication for conference and workshop Code &nbsp;<\/p>\n","protected":false},"author":1,"featured_media":0,"parent":0,"menu_order":0,"comment_status":"closed","ping_status":"closed","template":"page-templates\/full-width.php","meta":{"footnotes":""},"class_list":["post-40","page","type-page","status-publish","hentry"],"_links":{"self":[{"href":"https:\/\/sophiethery.eu\/index.php\/wp-json\/wp\/v2\/pages\/40","targetHints":{"allow":["GET"]}}],"collection":[{"href":"https:\/\/sophiethery.eu\/index.php\/wp-json\/wp\/v2\/pages"}],"about":[{"href":"https:\/\/sophiethery.eu\/index.php\/wp-json\/wp\/v2\/types\/page"}],"author":[{"embeddable":true,"href":"https:\/\/sophiethery.eu\/index.php\/wp-json\/wp\/v2\/users\/1"}],"replies":[{"embeddable":true,"href":"https:\/\/sophiethery.eu\/index.php\/wp-json\/wp\/v2\/comments?post=40"}],"version-history":[{"count":31,"href":"https:\/\/sophiethery.eu\/index.php\/wp-json\/wp\/v2\/pages\/40\/revisions"}],"predecessor-version":[{"id":181,"href":"https:\/\/sophiethery.eu\/index.php\/wp-json\/wp\/v2\/pages\/40\/revisions\/181"}],"wp:attachment":[{"href":"https:\/\/sophiethery.eu\/index.php\/wp-json\/wp\/v2\/media?parent=40"}],"curies":[{"name":"wp","href":"https:\/\/api.w.org\/{rel}","templated":true}]}}